{"id":414,"date":"2020-04-14T03:55:45","date_gmt":"2020-04-14T03:55:45","guid":{"rendered":"https:\/\/ebuypanama.com\/?page_id=414"},"modified":"2020-11-19T20:29:32","modified_gmt":"2020-11-20T01:29:32","slug":"terminos-y-condiciones","status":"publish","type":"page","link":"https:\/\/ebuypanama.com\/index.php\/terminos-y-condiciones\/","title":{"rendered":"T\u00e9rminos y Condiciones"},"content":{"rendered":"\t\t<div data-elementor-type=\"wp-page\" data-elementor-id=\"414\" class=\"elementor elementor-414\">\n\t\t\t\t\t\t<section class=\"elementor-section elementor-top-section elementor-element elementor-element-1a6206b9 elementor-section-boxed elementor-section-height-default elementor-section-height-default\" data-id=\"1a6206b9\" data-element_type=\"section\" data-e-type=\"section\">\n\t\t\t\t\t\t<div class=\"elementor-container elementor-column-gap-default\">\n\t\t\t\t\t<div class=\"aux-parallax-section elementor-column elementor-col-33 elementor-top-column elementor-element elementor-element-e9d0638\" data-id=\"e9d0638\" data-element_type=\"column\" data-e-type=\"column\">\n\t\t\t<div class=\"elementor-widget-wrap\">\n\t\t\t\t\t\t\t<\/div>\n\t\t<\/div>\n\t\t\t\t<div class=\"aux-parallax-section elementor-column elementor-col-33 elementor-top-column elementor-element elementor-element-6c29b4a1\" data-id=\"6c29b4a1\" data-element_type=\"column\" data-e-type=\"column\">\n\t\t\t<div class=\"elementor-widget-wrap elementor-element-populated\">\n\t\t\t\t\t\t<div class=\"elementor-element elementor-element-25689df8 elementor-widget elementor-widget-text-editor\" data-id=\"25689df8\" data-element_type=\"widget\" data-e-type=\"widget\" data-widget_type=\"text-editor.default\">\n\t\t\t\t<div class=\"elementor-widget-container\">\n\t\t\t\t\t\t\t\t\t\n<p>\u00daltima actualizaci\u00f3n: noviembre 19, 2020\r\n\r\nLea estos T\u00e9rminos de uso (\u00abT\u00e9rminos\u00bb, \u00abT\u00e9rminos de uso\u00bb) cuidadosamente antes de utilizar el sitio web https:\/\/ebuypanama.com (el \u00abServicio\u00bb) operado por eBuy (\u00abnosotros\u00bb, \u00abnosotros\u00bb o \u00abnuestro \u00ab).\r\n\r\nSu acceso y uso del Servicio est\u00e1 condicionado a su aceptaci\u00f3n y cumplimiento de estos T\u00e9rminos. Estos T\u00e9rminos se aplican a todos los visitantes, usuarios y otras personas que acceden o utilizan el Servicio.\r\n\r\nAl acceder o utilizar el Servicio, usted acepta estar sujeto a estos T\u00e9rminos. Si no est\u00e1 de acuerdo con alguna parte de los t\u00e9rminos, no podr\u00e1 acceder al Servicio.\r\n\r\nCuentas\r\n\r\nCuando crea una cuenta con nosotros, debe proporcionarnos informaci\u00f3n precisa, completa y actualizada en todo momento. No hacerlo constituye una violaci\u00f3n de los T\u00e9rminos, lo que puede resultar en la terminaci\u00f3n inmediata de su cuenta en nuestro Servicio.\r\n\r\nUsted es responsable de salvaguardar la contrase\u00f1a que utiliza para acceder al Servicio y de cualquier actividad o acci\u00f3n bajo su contrase\u00f1a, ya sea que se encuentre en nuestro Servicio o en un servicio de un tercero.\r\n\r\nUsted acepta no revelar su contrase\u00f1a a ning\u00fan tercero. Debe notificarnos de inmediato al darse cuenta de cualquier violaci\u00f3n de seguridad o uso no autorizado de su cuenta.\r\n\r\nPropiedad intelectual\r\n\r\nEl Servicio y su contenido, caracter\u00edsticas y funcionalidad originales son y seguir\u00e1n siendo propiedad exclusiva de eBuy y sus licenciantes.\r\n\r\nEnlaces a otros sitios web\r\n\r\nNuestro Servicio puede contener enlaces a sitios web o servicios de terceros que no son propiedad ni est\u00e1n controlados por eBuy.\r\n\r\neBuy no tiene control ni asume responsabilidad por el contenido, las pol\u00edticas de privacidad o las pr\u00e1cticas de sitios web o servicios de terceros. Adem\u00e1s, reconoce y acepta que eBuy no ser\u00e1 responsable, directa o indirectamente, por cualquier da\u00f1o o p\u00e9rdida causada o presuntamente causada por o en relaci\u00f3n con el uso o la dependencia de dicho contenido, bienes o servicios disponibles en oa trav\u00e9s de dichos sitios web o servicios.\r\n\r\nLe recomendamos encarecidamente que lea los t\u00e9rminos y condiciones y las pol\u00edticas de privacidad de los sitios web o servicios de terceros que visite.\r\n\r\nTerminaci\u00f3n\r\n\r\nPodemos rescindir o suspender el acceso a nuestro Servicio de inmediato, sin previo aviso ni responsabilidad, por cualquier motivo, incluso sin limitaci\u00f3n si usted incumple los T\u00e9rminos.\r\n\r\nTodas las disposiciones de los T\u00e9rminos que, por su naturaleza, deben sobrevivir a la terminaci\u00f3n, seguir\u00e1n vigentes, incluidas, entre otras, las disposiciones de propiedad, las renuncias de garant\u00eda, la indemnizaci\u00f3n y las limitaciones de responsabilidad.\r\n\r\nPodemos cancelar o suspender su cuenta de inmediato, sin previo aviso o responsabilidad, por cualquier motivo, incluso, entre otros, si usted no cumple con los T\u00e9rminos.\r\n\r\nAl finalizar, su derecho a usar el Servicio cesar\u00e1 inmediatamente. Si desea cancelar su cuenta, simplemente puede dejar de usar el Servicio.\r\n\r\nTodas las disposiciones de los T\u00e9rminos que, por su naturaleza, deben sobrevivir a la terminaci\u00f3n, seguir\u00e1n vigentes, incluidas, entre otras, las disposiciones de propiedad, las renuncias de garant\u00eda, la indemnizaci\u00f3n y las limitaciones de responsabilidad.\r\n\r\nDescargo de responsabilidad\r\n\r\nSu uso del Servicio es bajo su propio riesgo. El Servicio se proporciona \u00abTAL CUAL\u00bb y \u00abSEG\u00daN DISPONIBILIDAD\u00bb. El Servicio se proporciona sin garant\u00edas de ning\u00fan tipo, ya sean expresas o impl\u00edcitas, incluidas, entre otras, las garant\u00edas impl\u00edcitas de comerciabilidad, idoneidad para un prop\u00f3sito particular, no infracci\u00f3n o curso de ejecuci\u00f3n.\r\n\r\nLey que rige\r\n\r\nEstos T\u00e9rminos se regir\u00e1n e interpretar\u00e1n de conformidad con las leyes de Panam\u00e1 sin tener en cuenta sus disposiciones sobre conflictos de leyes.\r\n\r\nNuestro incumplimiento de cualquier derecho o disposici\u00f3n de estos T\u00e9rminos no se considerar\u00e1 una renuncia a esos derechos. Si alguna disposici\u00f3n de estos T\u00e9rminos se considera inv\u00e1lida o inaplicable por un tribunal, las disposiciones restantes de estos T\u00e9rminos seguir\u00e1n vigentes. Estos T\u00e9rminos constituyen el acuerdo completo entre nosotros con respecto a nuestro Servicio, y reemplazan y reemplazan cualquier acuerdo anterior que podamos tener entre nosotros con respecto al Servicio.\r\n\r\nCambios\r\n\r\nNos reservamos el derecho, a nuestro exclusivo criterio, de modificar o reemplazar estos T\u00e9rminos en cualquier momento. Si una revisi\u00f3n es material, intentaremos proporcionar un aviso con al menos 30 d\u00edas de anticipaci\u00f3n antes de que entren en vigencia los nuevos t\u00e9rminos. Lo que constituye un cambio material se determinar\u00e1 a nuestro exclusivo criterio.\r\n\r\nAl continuar accediendo o utilizando nuestro Servicio despu\u00e9s de que esas revisiones entren en vigencia, usted acepta estar sujeto a los t\u00e9rminos revisados. Si no est\u00e1 de acuerdo con los nuevos t\u00e9rminos, deje de usar el Servicio.\r\n\r\nCont\u00e1ctenos\r\n\r\nSi tiene alguna pregunta sobre estos T\u00e9rminos, cont\u00e1ctenos.<\/p>\n\t\t\t\t\t\t\t\t<\/div>\n\t\t\t\t<\/div>\n\t\t\t\t\t<\/div>\n\t\t<\/div>\n\t\t\t\t<div class=\"aux-parallax-section elementor-column elementor-col-33 elementor-top-column elementor-element elementor-element-f7df42e\" data-id=\"f7df42e\" data-element_type=\"column\" data-e-type=\"column\">\n\t\t\t<div class=\"elementor-widget-wrap\">\n\t\t\t\t\t\t\t<\/div>\n\t\t<\/div>\n\t\t\t\t\t<\/div>\n\t\t<\/section>\n\t\t\t\t<\/div>\n\t\t","protected":false},"excerpt":{"rendered":"","protected":false},"author":3,"featured_media":0,"parent":0,"menu_order":0,"comment_status":"closed","ping_status":"closed","template":"","meta":{"_monsterinsights_skip_tracking":false,"_monsterinsights_sitenote_active":false,"_monsterinsights_sitenote_note":"","_monsterinsights_sitenote_category":0,"footnotes":""},"class_list":["post-414","page","type-page","status-publish","hentry"],"aioseo_notices":[],"jetpack_sharing_enabled":true,"_links":{"self":[{"href":"https:\/\/ebuypanama.com\/index.php\/wp-json\/wp\/v2\/pages\/414","targetHints":{"allow":["GET"]}}],"collection":[{"href":"https:\/\/ebuypanama.com\/index.php\/wp-json\/wp\/v2\/pages"}],"about":[{"href":"https:\/\/ebuypanama.com\/index.php\/wp-json\/wp\/v2\/types\/page"}],"author":[{"embeddable":true,"href":"https:\/\/ebuypanama.com\/index.php\/wp-json\/wp\/v2\/users\/3"}],"replies":[{"embeddable":true,"href":"https:\/\/ebuypanama.com\/index.php\/wp-json\/wp\/v2\/comments?post=414"}],"version-history":[{"count":0,"href":"https:\/\/ebuypanama.com\/index.php\/wp-json\/wp\/v2\/pages\/414\/revisions"}],"wp:attachment":[{"href":"https:\/\/ebuypanama.com\/index.php\/wp-json\/wp\/v2\/media?parent=414"}],"curies":[{"name":"wp","href":"https:\/\/api.w.org\/{rel}","templated":true}]}}